{"id":17,"date":"2021-02-04T15:51:48","date_gmt":"2021-02-04T14:51:48","guid":{"rendered":"http:\/\/yxdmhdm.cluster030.hosting.ovh.net\/?page_id=17"},"modified":"2024-02-01T11:04:39","modified_gmt":"2024-02-01T10:04:39","slug":"calendrier","status":"publish","type":"page","link":"https:\/\/www.emmaheartyoga.com\/index.php\/calendrier\/","title":{"rendered":"Calendrier"},"content":{"rendered":"\t\t<div data-elementor-type=\"wp-page\" data-elementor-id=\"17\" class=\"elementor elementor-17\" data-elementor-settings=\"[]\">\n\t\t\t\t\t\t<div class=\"elementor-inner\">\n\t\t\t\t\t\t\t<div class=\"elementor-section-wrap\">\n\t\t\t\t\t\t\t<section class=\"elementor-section elementor-top-section elementor-element elementor-element-8c62399 elementor-section-boxed elementor-section-height-default elementor-section-height-default\" data-id=\"8c62399\" data-element_type=\"section\">\n\t\t\t\t\t\t<div class=\"elementor-container elementor-column-gap-default\">\n\t\t\t\t\t\t\t<div class=\"elementor-row\">\n\t\t\t\t\t<div class=\"elementor-column elementor-col-50 elementor-top-column elementor-element elementor-element-6370319\" data-id=\"6370319\" data-element_type=\"column\">\n\t\t\t<div class=\"elementor-column-wrap elementor-element-populated\">\n\t\t\t\t\t\t\t<div class=\"elementor-widget-wrap\">\n\t\t\t\t\t\t<div class=\"elementor-element elementor-element-e940fff elementor-widget elementor-widget-image\" data-id=\"e940fff\" data-element_type=\"widget\" data-widget_type=\"image.default\">\n\t\t\t\t<div class=\"elementor-widget-container\">\n\t\t\t\t\t\t\t\t<div class=\"elementor-image\">\n\t\t\t\t\t\t\t\t\t\t\t\t<img loading=\"lazy\" decoding=\"async\" width=\"800\" height=\"534\" src=\"https:\/\/www.emmaheartyoga.com\/wp-content\/uploads\/2021\/02\/FinalPhotosSpotRemoved-26-of-41-1024x683.jpg\" class=\"attachment-large size-large\" alt=\"\" srcset=\"https:\/\/www.emmaheartyoga.com\/wp-content\/uploads\/2021\/02\/FinalPhotosSpotRemoved-26-of-41-1024x683.jpg 1024w, https:\/\/www.emmaheartyoga.com\/wp-content\/uploads\/2021\/02\/FinalPhotosSpotRemoved-26-of-41-300x200.jpg 300w, https:\/\/www.emmaheartyoga.com\/wp-content\/uploads\/2021\/02\/FinalPhotosSpotRemoved-26-of-41-768x512.jpg 768w, https:\/\/www.emmaheartyoga.com\/wp-content\/uploads\/2021\/02\/FinalPhotosSpotRemoved-26-of-41-1536x1024.jpg 1536w, https:\/\/www.emmaheartyoga.com\/wp-content\/uploads\/2021\/02\/FinalPhotosSpotRemoved-26-of-41-2048x1365.jpg 2048w\" sizes=\"(max-width: 800px) 100vw, 800px\" \/>\t\t\t\t\t\t\t\t\t\t\t\t\t\t<\/div>\n\t\t\t\t\t\t<\/div>\n\t\t\t\t<\/div>\n\t\t\t\t\t\t<\/div>\n\t\t\t\t\t<\/div>\n\t\t<\/div>\n\t\t\t\t<div class=\"elementor-column elementor-col-50 elementor-top-column elementor-element elementor-element-69dcbe2\" data-id=\"69dcbe2\" data-element_type=\"column\">\n\t\t\t<div class=\"elementor-column-wrap elementor-element-populated\">\n\t\t\t\t\t\t\t<div class=\"elementor-widget-wrap\">\n\t\t\t\t\t\t<div class=\"elementor-element elementor-element-80032cd elementor-widget elementor-widget-text-editor\" data-id=\"80032cd\" data-element_type=\"widget\" data-widget_type=\"text-editor.default\">\n\t\t\t\t<div class=\"elementor-widget-container\">\n\t\t\t\t\t\t\t\t<div class=\"elementor-text-editor elementor-clearfix\">\n\t\t\t\t<p><strong>Hatha<\/strong><\/p><p>\u00a0Lundi 15.00 &#8211; 16.15 @ Yoga Village Batignolles (Paris 17eme)<\/p><p>Jeudi 10.15 &#8211; 11.30 @ Yoga Village Batignolles (Paris 17eme)<\/p><p>Jeudi 14.00 &#8211; 15.15 @ Yoga Village Batignolles (Paris 17eme)<\/p><p>Vendredi 15.30 &#8211; 16.45 @ Yoga Village Capucines (Paris 2eme)<\/p><p>\u00a0<\/p><p><strong>Hatha Doux<\/strong><\/p><p>Vendredi 9.00 &#8211; 10.15 @ M-Yoga (Boulogne-Billancourt)<\/p>\t\t\t\t\t<\/div>\n\t\t\t\t\t\t<\/div>\n\t\t\t\t<\/div>\n\t\t\t\t\t\t<\/div>\n\t\t\t\t\t<\/div>\n\t\t<\/div>\n\t\t\t\t\t\t\t\t<\/div>\n\t\t\t\t\t<\/div>\n\t\t<\/section>\n\t\t\t\t<section class=\"elementor-section elementor-top-section elementor-element elementor-element-4bd5b1e elementor-section-boxed elementor-section-height-default elementor-section-height-default\" data-id=\"4bd5b1e\" data-element_type=\"section\">\n\t\t\t\t\t\t<div class=\"elementor-container elementor-column-gap-default\">\n\t\t\t\t\t\t\t<div class=\"elementor-row\">\n\t\t\t\t\t<div class=\"elementor-column elementor-col-50 elementor-top-column elementor-element elementor-element-d8ba1fb\" data-id=\"d8ba1fb\" data-element_type=\"column\">\n\t\t\t<div class=\"elementor-column-wrap elementor-element-populated\">\n\t\t\t\t\t\t\t<div class=\"elementor-widget-wrap\">\n\t\t\t\t\t\t<div class=\"elementor-element elementor-element-ff2ee40 elementor-widget elementor-widget-text-editor\" data-id=\"ff2ee40\" data-element_type=\"widget\" data-widget_type=\"text-editor.default\">\n\t\t\t\t<div class=\"elementor-widget-container\">\n\t\t\t\t\t\t\t\t<div class=\"elementor-text-editor elementor-clearfix\">\n\t\t\t\t<p><strong>Yoga Therapeutique<\/strong><\/p><p>Lundi 10.45 &#8211; 12.00 @ M-Yoga (Boulogne-Billancourt)<\/p><p>Mercredi 10.45 &#8211; 12.00 @ M-Yoga (Boulogne-Billancourt)<\/p><p>\u00a0<\/p><p>Cours limit\u00e9s \u00e0 15 \u00e9l\u00e8ves.<\/p><p>S\u2019inscrire \u00e0 l\u2019avance afin de s\u2019assurer une place au cours.<\/p>\t\t\t\t\t<\/div>\n\t\t\t\t\t\t<\/div>\n\t\t\t\t<\/div>\n\t\t\t\t\t\t<\/div>\n\t\t\t\t\t<\/div>\n\t\t<\/div>\n\t\t\t\t<div class=\"elementor-column elementor-col-50 elementor-top-column elementor-element elementor-element-8f8a1b3\" data-id=\"8f8a1b3\" data-element_type=\"column\">\n\t\t\t<div class=\"elementor-column-wrap elementor-element-populated\">\n\t\t\t\t\t\t\t<div class=\"elementor-widget-wrap\">\n\t\t\t\t\t\t<div class=\"elementor-element elementor-element-90a8af7 elementor-widget elementor-widget-image\" data-id=\"90a8af7\" data-element_type=\"widget\" data-widget_type=\"image.default\">\n\t\t\t\t<div class=\"elementor-widget-container\">\n\t\t\t\t\t\t\t\t<div class=\"elementor-image\">\n\t\t\t\t\t\t\t\t\t\t\t\t<img loading=\"lazy\" decoding=\"async\" width=\"800\" height=\"534\" src=\"https:\/\/www.emmaheartyoga.com\/wp-content\/uploads\/2024\/02\/Yoga-at-home_chair-twist-1024x683.jpg\" class=\"attachment-large size-large\" alt=\"\" srcset=\"https:\/\/www.emmaheartyoga.com\/wp-content\/uploads\/2024\/02\/Yoga-at-home_chair-twist-1024x683.jpg 1024w, https:\/\/www.emmaheartyoga.com\/wp-content\/uploads\/2024\/02\/Yoga-at-home_chair-twist-300x200.jpg 300w, https:\/\/www.emmaheartyoga.com\/wp-content\/uploads\/2024\/02\/Yoga-at-home_chair-twist-768x512.jpg 768w, https:\/\/www.emmaheartyoga.com\/wp-content\/uploads\/2024\/02\/Yoga-at-home_chair-twist-1536x1024.jpg 1536w, https:\/\/www.emmaheartyoga.com\/wp-content\/uploads\/2024\/02\/Yoga-at-home_chair-twist-2048x1365.jpg 2048w\" sizes=\"(max-width: 800px) 100vw, 800px\" \/>\t\t\t\t\t\t\t\t\t\t\t\t\t\t<\/div>\n\t\t\t\t\t\t<\/div>\n\t\t\t\t<\/div>\n\t\t\t\t\t\t<\/div>\n\t\t\t\t\t<\/div>\n\t\t<\/div>\n\t\t\t\t\t\t\t\t<\/div>\n\t\t\t\t\t<\/div>\n\t\t<\/section>\n\t\t\t\t<section class=\"elementor-section elementor-top-section elementor-element elementor-element-bddf9ca elementor-section-boxed elementor-section-height-default elementor-section-height-default\" data-id=\"bddf9ca\" data-element_type=\"section\">\n\t\t\t\t\t\t<div class=\"elementor-container elementor-column-gap-default\">\n\t\t\t\t\t\t\t<div class=\"elementor-row\">\n\t\t\t\t\t<div class=\"elementor-column elementor-col-50 elementor-top-column elementor-element elementor-element-7ebad32\" data-id=\"7ebad32\" data-element_type=\"column\">\n\t\t\t<div class=\"elementor-column-wrap elementor-element-populated\">\n\t\t\t\t\t\t\t<div class=\"elementor-widget-wrap\">\n\t\t\t\t\t\t<div class=\"elementor-element elementor-element-63c3338 elementor-widget elementor-widget-image\" data-id=\"63c3338\" data-element_type=\"widget\" data-widget_type=\"image.default\">\n\t\t\t\t<div class=\"elementor-widget-container\">\n\t\t\t\t\t\t\t\t<div class=\"elementor-image\">\n\t\t\t\t\t\t\t\t\t\t\t\t<img loading=\"lazy\" decoding=\"async\" width=\"800\" height=\"600\" src=\"https:\/\/www.emmaheartyoga.com\/wp-content\/uploads\/2024\/02\/PHOTO-2023-01-31-10-46-58.jpg\" class=\"attachment-large size-large\" alt=\"\" srcset=\"https:\/\/www.emmaheartyoga.com\/wp-content\/uploads\/2024\/02\/PHOTO-2023-01-31-10-46-58.jpg 1024w, https:\/\/www.emmaheartyoga.com\/wp-content\/uploads\/2024\/02\/PHOTO-2023-01-31-10-46-58-300x225.jpg 300w, https:\/\/www.emmaheartyoga.com\/wp-content\/uploads\/2024\/02\/PHOTO-2023-01-31-10-46-58-768x576.jpg 768w\" sizes=\"(max-width: 800px) 100vw, 800px\" \/>\t\t\t\t\t\t\t\t\t\t\t\t\t\t<\/div>\n\t\t\t\t\t\t<\/div>\n\t\t\t\t<\/div>\n\t\t\t\t\t\t<\/div>\n\t\t\t\t\t<\/div>\n\t\t<\/div>\n\t\t\t\t<div class=\"elementor-column elementor-col-50 elementor-top-column elementor-element elementor-element-9b66c41\" data-id=\"9b66c41\" data-element_type=\"column\">\n\t\t\t<div class=\"elementor-column-wrap elementor-element-populated\">\n\t\t\t\t\t\t\t<div class=\"elementor-widget-wrap\">\n\t\t\t\t\t\t<div class=\"elementor-element elementor-element-aaf596d elementor-widget elementor-widget-text-editor\" data-id=\"aaf596d\" data-element_type=\"widget\" data-widget_type=\"text-editor.default\">\n\t\t\t\t<div class=\"elementor-widget-container\">\n\t\t\t\t\t\t\t\t<div class=\"elementor-text-editor elementor-clearfix\">\n\t\t\t\t<p><strong>Formation Yoga Restauratif 35 h<\/strong><\/p><p><strong>Du 22 au 24 mai et du 6 au 7 juin 2024 chez M-Yoga (Boulogne-Billancourt)<\/strong><\/p><p><span style=\"font-size: 1rem;\">Cette formation offre une immersion unique dans la pratique, l\u2019art et l\u2019enseignement du yoga restauratif. Relaxation consciente, \u00e9coute et travail du souffle dans des postures principalement allong\u00e9es et soutenues sont au c\u0153ur de la pratique restaurative afin de permettre au syst\u00e8me nerveux de revenir \u00e0 l\u2019\u00e9quilibre. Chaque jour, les \u00e9l\u00e8ves exploreront la pratique, l\u2019\u00e9tude et l\u2019apprentissage des postures restauratives fondamentales, l\u2019anatomie et la physiologie du stress et de la respiration ainsi que l\u2019art d\u2019enseigner et de s\u00e9quencer un cours de yoga restauratif.<\/span><\/p><p>Pour plus d\u2019information ou pour r\u00e9server,<\/p>\t\t\t\t\t<\/div>\n\t\t\t\t\t\t<\/div>\n\t\t\t\t<\/div>\n\t\t\t\t<div class=\"elementor-element elementor-element-8358213 elementor-widget elementor-widget-button\" data-id=\"8358213\" data-element_type=\"widget\" data-widget_type=\"button.default\">\n\t\t\t\t<div class=\"elementor-widget-container\">\n\t\t\t\t\t<div class=\"elementor-button-wrapper\">\n\t\t\t<a href=\"https:\/\/m-yoga.fr\/formation-yoga-restauratif-30h\/\" class=\"elementor-button-link elementor-button elementor-size-sm\" role=\"button\" id=\"https:\/\/m-yoga.fr\/formation-yoga-restauratif-30h\/\">\n\t\t\t\t\t\t<span class=\"elementor-button-content-wrapper\">\n\t\t\t\t\t\t<span class=\"elementor-button-text\">Cliquez ici<\/span>\n\t\t<\/span>\n\t\t\t\t\t<\/a>\n\t\t<\/div>\n\t\t\t\t<\/div>\n\t\t\t\t<\/div>\n\t\t\t\t\t\t<\/div>\n\t\t\t\t\t<\/div>\n\t\t<\/div>\n\t\t\t\t\t\t\t\t<\/div>\n\t\t\t\t\t<\/div>\n\t\t<\/section>\n\t\t\t\t\t\t<\/div>\n\t\t\t\t\t\t<\/div>\n\t\t\t\t\t<\/div>\n\t\t","protected":false},"excerpt":{"rendered":"<p>Hatha \u00a0Lundi 15.00 &#8211; 16.15 @ Yoga Village Batignolles (Paris 17eme) Jeudi 10.15 &#8211; 11.30 @ Yoga Village Batignolles (Paris 17eme) Jeudi 14.00 &#8211; 15.15 @ Yoga Village Batignolles (Paris 17eme) Vendredi 15.30 &#8211; 16.45 @ Yoga Village Capucines (Paris 2eme) \u00a0 Hatha Doux Vendredi 9.00 &#8211; 10.15 @ M-Yoga (Boulogne-Billancourt) Yoga Therapeutique Lundi 10.45 [&hellip;]<\/p>\n","protected":false},"author":1,"featured_media":0,"parent":0,"menu_order":0,"comment_status":"closed","ping_status":"closed","template":"","meta":{"footnotes":""},"_links":{"self":[{"href":"https:\/\/www.emmaheartyoga.com\/index.php\/wp-json\/wp\/v2\/pages\/17"}],"collection":[{"href":"https:\/\/www.emmaheartyoga.com\/index.php\/wp-json\/wp\/v2\/pages"}],"about":[{"href":"https:\/\/www.emmaheartyoga.com\/index.php\/wp-json\/wp\/v2\/types\/page"}],"author":[{"embeddable":true,"href":"https:\/\/www.emmaheartyoga.com\/index.php\/wp-json\/wp\/v2\/users\/1"}],"replies":[{"embeddable":true,"href":"https:\/\/www.emmaheartyoga.com\/index.php\/wp-json\/wp\/v2\/comments?post=17"}],"version-history":[{"count":40,"href":"https:\/\/www.emmaheartyoga.com\/index.php\/wp-json\/wp\/v2\/pages\/17\/revisions"}],"predecessor-version":[{"id":294,"href":"https:\/\/www.emmaheartyoga.com\/index.php\/wp-json\/wp\/v2\/pages\/17\/revisions\/294"}],"wp:attachment":[{"href":"https:\/\/www.emmaheartyoga.com\/index.php\/wp-json\/wp\/v2\/media?parent=17"}],"curies":[{"name":"wp","href":"https:\/\/api.w.org\/{rel}","templated":true}]}}